{"id":2925,"date":"2026-02-12T03:52:08","date_gmt":"2026-02-12T02:52:08","guid":{"rendered":"https:\/\/ballbesitz.de\/?page_id=2925"},"modified":"2026-04-04T02:27:23","modified_gmt":"2026-04-04T01:27:23","slug":"fg","status":"publish","type":"page","link":"https:\/\/ballbesitz.de\/","title":{"rendered":"fg"},"content":{"rendered":"\t\t<div data-elementor-type=\"wp-page\" data-elementor-id=\"2925\" class=\"elementor elementor-2925\" data-elementor-post-type=\"page\">\n\t\t\t\t\t\t<section class=\"elementor-section elementor-top-section elementor-element elementor-element-8a5d012 elementor-section-boxed elementor-section-height-default elementor-section-height-default\" data-id=\"8a5d012\" data-element_type=\"section\" data-e-type=\"section\" data-settings=\"{&quot;background_background&quot;:&quot;video&quot;,&quot;background_video_start&quot;:0,&quot;background_video_end&quot;:0,&quot;background_play_on_mobile&quot;:&quot;yes&quot;}\">\n\t\t\t\t\t\t<div class=\"elementor-container elementor-column-gap-default\">\n\t\t\t\t\t<div class=\"elementor-column elementor-col-100 elementor-top-column elementor-element elementor-element-9876530\" data-id=\"9876530\" data-element_type=\"column\" data-e-type=\"column\">\n\t\t\t<div class=\"elementor-widget-wrap elementor-element-populated\">\n\t\t\t\t\t\t<div class=\"elementor-element elementor-element-821e28b animated-slow elementor-invisible elementor-widget elementor-widget-video\" data-id=\"821e28b\" data-element_type=\"widget\" data-e-type=\"widget\" data-settings=\"{&quot;video_type&quot;:&quot;hosted&quot;,&quot;start&quot;:0,&quot;autoplay&quot;:&quot;yes&quot;,&quot;play_on_mobile&quot;:&quot;yes&quot;,&quot;loop&quot;:&quot;yes&quot;,&quot;_animation&quot;:&quot;zoomInDown&quot;}\" data-widget_type=\"video.default\">\n\t\t\t\t<div class=\"elementor-widget-container\">\n\t\t\t\t\t\t\t<div class=\"e-hosted-video elementor-wrapper elementor-open-inline\">\n\t\t\t\t\t<video class=\"elementor-video\" src=\"https:\/\/ballbesitz.de\/wp-content\/uploads\/2026\/02\/Orbit.mov\" autoplay=\"\" loop=\"\" playsinline=\"\" controlsList=\"nodownload\"><\/video>\n\t\t\t\t<\/div>\n\t\t\t\t\t\t<\/div>\n\t\t\t\t<\/div>\n\t\t\t\t\t<\/div>\n\t\t<\/div>\n\t\t\t\t\t<\/div>\n\t\t<\/section>\n\t\t\t\t<section class=\"elementor-section elementor-top-section elementor-element elementor-element-f7077db elementor-section-boxed elementor-section-height-default elementor-section-height-default\" data-id=\"f7077db\" data-element_type=\"section\" data-e-type=\"section\" data-settings=\"{&quot;background_background&quot;:&quot;video&quot;,&quot;background_video_start&quot;:0,&quot;background_video_end&quot;:0,&quot;background_play_on_mobile&quot;:&quot;yes&quot;}\">\n\t\t\t\t\t\t<div class=\"elementor-container elementor-column-gap-default\">\n\t\t\t\t\t<div class=\"elementor-column elementor-col-100 elementor-top-column elementor-element elementor-element-ddc36f5\" data-id=\"ddc36f5\" data-element_type=\"column\" data-e-type=\"column\">\n\t\t\t<div class=\"elementor-widget-wrap elementor-element-populated\">\n\t\t\t\t\t\t<div class=\"elementor-element elementor-element-c9a5938 animated-slow elementor-invisible elementor-widget elementor-widget-video\" data-id=\"c9a5938\" data-element_type=\"widget\" data-e-type=\"widget\" data-settings=\"{&quot;video_type&quot;:&quot;hosted&quot;,&quot;start&quot;:0,&quot;autoplay&quot;:&quot;yes&quot;,&quot;play_on_mobile&quot;:&quot;yes&quot;,&quot;loop&quot;:&quot;yes&quot;,&quot;_animation&quot;:&quot;zoomInDown&quot;}\" data-widget_type=\"video.default\">\n\t\t\t\t<div class=\"elementor-widget-container\">\n\t\t\t\t\t\t\t<div class=\"e-hosted-video elementor-wrapper elementor-open-inline\">\n\t\t\t\t\t<video class=\"elementor-video\" src=\"https:\/\/ballbesitz.de\/wp-content\/uploads\/2026\/02\/Traeller.mp4\" autoplay=\"\" loop=\"\" playsinline=\"\" controlsList=\"nodownload\"><\/video>\n\t\t\t\t<\/div>\n\t\t\t\t\t\t<\/div>\n\t\t\t\t<\/div>\n\t\t\t\t\t<\/div>\n\t\t<\/div>\n\t\t\t\t\t<\/div>\n\t\t<\/section>\n\t\t\t\t<section class=\"elementor-section elementor-top-section elementor-element elementor-element-b8fd18f elementor-section-boxed elementor-section-height-default elementor-section-height-default\" data-id=\"b8fd18f\" data-element_type=\"section\" data-e-type=\"section\" data-settings=\"{&quot;background_background&quot;:&quot;video&quot;,&quot;background_video_start&quot;:0,&quot;background_video_end&quot;:0,&quot;background_play_on_mobile&quot;:&quot;yes&quot;}\">\n\t\t\t\t\t\t<div class=\"elementor-container elementor-column-gap-default\">\n\t\t\t\t\t<div class=\"elementor-column elementor-col-100 elementor-top-column elementor-element elementor-element-993ecf1\" data-id=\"993ecf1\" data-element_type=\"column\" data-e-type=\"column\">\n\t\t\t<div class=\"elementor-widget-wrap elementor-element-populated\">\n\t\t\t\t\t\t<div class=\"elementor-element elementor-element-959b889 animated-slow elementor-invisible elementor-widget elementor-widget-video\" data-id=\"959b889\" data-element_type=\"widget\" data-e-type=\"widget\" data-settings=\"{&quot;video_type&quot;:&quot;hosted&quot;,&quot;start&quot;:0,&quot;autoplay&quot;:&quot;yes&quot;,&quot;play_on_mobile&quot;:&quot;yes&quot;,&quot;loop&quot;:&quot;yes&quot;,&quot;_animation&quot;:&quot;zoomInDown&quot;}\" data-widget_type=\"video.default\">\n\t\t\t\t<div class=\"elementor-widget-container\">\n\t\t\t\t\t\t\t<div class=\"e-hosted-video elementor-wrapper elementor-open-inline\">\n\t\t\t\t\t<video class=\"elementor-video\" src=\"https:\/\/ballbesitz.de\/wp-content\/uploads\/2026\/03\/Buy.mov\" autoplay=\"\" loop=\"\" playsinline=\"\" controlsList=\"nodownload\"><\/video>\n\t\t\t\t<\/div>\n\t\t\t\t\t\t<\/div>\n\t\t\t\t<\/div>\n\t\t\t\t\t<\/div>\n\t\t<\/div>\n\t\t\t\t\t<\/div>\n\t\t<\/section>\n\t\t\t\t<section class=\"elementor-section elementor-top-section elementor-element elementor-element-8ddd90f elementor-section-boxed elementor-section-height-default elementor-section-height-default\" data-id=\"8ddd90f\" data-element_type=\"section\" data-e-type=\"section\">\n\t\t\t\t\t\t<div class=\"elementor-container elementor-column-gap-default\">\n\t\t\t\t\t<div class=\"elementor-column elementor-col-100 elementor-top-column elementor-element elementor-element-3b815bf\" data-id=\"3b815bf\" data-element_type=\"column\" data-e-type=\"column\">\n\t\t\t<div class=\"elementor-widget-wrap elementor-element-populated\">\n\t\t\t\t\t\t<div class=\"elementor-element elementor-element-f47eeed elementor-widget elementor-widget-ucaddon_super_fun_liquid_button\" data-id=\"f47eeed\" data-element_type=\"widget\" data-e-type=\"widget\" data-widget_type=\"ucaddon_super_fun_liquid_button.default\">\n\t\t\t\t<div class=\"elementor-widget-container\">\n\t\t\t\t\t\n<!-- start Liquid Button -->\n\t\t<link id='font-awesome-css' href='https:\/\/ballbesitz.de\/wp-content\/plugins\/unlimited-elements-for-elementor-premium\/assets_libraries\/font-awesome6\/fontawesome-all.min.css' type='text\/css' rel='stylesheet' >\n\t\t<link id='font-awesome-4-shim-css' href='https:\/\/ballbesitz.de\/wp-content\/plugins\/unlimited-elements-for-elementor-premium\/assets_libraries\/font-awesome6\/fontawesome-v4-shims.min.css' type='text\/css' rel='stylesheet' >\n\n<style>\/* widget: Liquid Button *\/\n\n#uc_super_fun_liquid_button_elementor_f47eeed.uc-liquid-button{\n  display: inline-flex;\n  justify-content: center;\n  align-items: center;\n  background: none;\n  padding: 20px 40px;\n  position: relative;\n  text-decoration: none;\n  z-index: 2;\n}\n#uc_super_fun_liquid_button_elementor_f47eeed canvas {\n  position: absolute;\n  top: 50%;\n  left: 50%;\n  transform: translate(-50%, -50%);\n  z-index: -1;\n}\n#uc_super_fun_liquid_button_elementor_f47eeed .ue_btn_text{\n  pointer-events:none;\n}\n\n\n<\/style>\n\n<div  class=\"uc-liquid-button-wrapper\">\n  <a id=\"uc_super_fun_liquid_button_elementor_f47eeed\" class=\"uc-liquid-button\" href=\"#\" \n    aria-label=\"bald\"\n\tdata-margin=\"30\"\n\tdata-color1=\"#ff0000\"\n\tdata-color2=\"#008af5\"\n\tdata-color3=\"#fff900\">\n        <span class=\"ue_btn_text\">bald<\/span>\n  <\/a>\n<\/div>\n<!-- end Liquid Button -->\t\t\t\t<\/div>\n\t\t\t\t<\/div>\n\t\t\t\t\t<\/div>\n\t\t<\/div>\n\t\t\t\t\t<\/div>\n\t\t<\/section>\n\t\t\t\t<\/div>\n\t\t","protected":false},"excerpt":{"rendered":"<p>https:\/\/ballbesitz.de\/wp-content\/uploads\/2026\/02\/Orbit.movhttps:\/\/ballbesitz.de\/wp-content\/uploads\/2026\/02\/Traeller.mp4https:\/\/ballbesitz.de\/wp-content\/uploads\/2026\/03\/Buy.mov bald<\/p>\n","protected":false},"author":1,"featured_media":0,"parent":0,"menu_order":0,"comment_status":"closed","ping_status":"closed","template":"elementor_canvas","meta":{"footnotes":""},"class_list":["post-2925","page","type-page","status-publish","hentry"],"jetpack-related-posts":[{"id":3029,"url":"https:\/\/ballbesitz.de\/?page_id=3029","url_meta":{"origin":2925,"position":0},"title":"Elementor #3029","author":"alexander","date":"3. M\u00e4rz 2026","format":false,"excerpt":"","rel":"","context":"\u00c4hnlicher Beitrag","block_context":{"text":"\u00c4hnlicher Beitrag","link":""},"img":{"alt_text":"Venus u Merkur","src":"https:\/\/i0.wp.com\/ballbesitz.de\/wp-content\/uploads\/2026\/02\/Venus-u-Merkur-768x432.webp?resize=350%2C200&ssl=1","width":350,"height":200,"srcset":"https:\/\/i0.wp.com\/ballbesitz.de\/wp-content\/uploads\/2026\/02\/Venus-u-Merkur-768x432.webp?resize=350%2C200&ssl=1 1x, https:\/\/i0.wp.com\/ballbesitz.de\/wp-content\/uploads\/2026\/02\/Venus-u-Merkur-768x432.webp?resize=525%2C300&ssl=1 1.5x, https:\/\/i0.wp.com\/ballbesitz.de\/wp-content\/uploads\/2026\/02\/Venus-u-Merkur-768x432.webp?resize=700%2C400&ssl=1 2x"},"classes":[]},{"id":3134,"url":"https:\/\/ballbesitz.de\/?page_id=3134","url_meta":{"origin":2925,"position":1},"title":"Elementor #3134","author":"alexander","date":"3. M\u00e4rz 2026","format":false,"excerpt":"Welcome! This is our circle menu you can start navigating. One Two Three Four Five Six","rel":"","context":"\u00c4hnlicher Beitrag","block_context":{"text":"\u00c4hnlicher Beitrag","link":""},"img":{"alt_text":"","src":"","width":0,"height":0},"classes":[]},{"id":3410,"url":"https:\/\/ballbesitz.de\/?page_id=3410","url_meta":{"origin":2925,"position":2},"title":"Elementor Seite #3410","author":"alexander","date":"12. M\u00e4rz 2026","format":false,"excerpt":"Rockstarship Free","rel":"","context":"\u00c4hnlicher Beitrag","block_context":{"text":"\u00c4hnlicher Beitrag","link":""},"img":{"alt_text":"","src":"","width":0,"height":0},"classes":[]}],"jetpack_sharing_enabled":true,"_links":{"self":[{"href":"https:\/\/ballbesitz.de\/index.php?rest_route=\/wp\/v2\/pages\/2925","targetHints":{"allow":["GET"]}}],"collection":[{"href":"https:\/\/ballbesitz.de\/index.php?rest_route=\/wp\/v2\/pages"}],"about":[{"href":"https:\/\/ballbesitz.de\/index.php?rest_route=\/wp\/v2\/types\/page"}],"author":[{"embeddable":true,"href":"https:\/\/ballbesitz.de\/index.php?rest_route=\/wp\/v2\/users\/1"}],"replies":[{"embeddable":true,"href":"https:\/\/ballbesitz.de\/index.php?rest_route=%2Fwp%2Fv2%2Fcomments&post=2925"}],"version-history":[{"count":388,"href":"https:\/\/ballbesitz.de\/index.php?rest_route=\/wp\/v2\/pages\/2925\/revisions"}],"predecessor-version":[{"id":3481,"href":"https:\/\/ballbesitz.de\/index.php?rest_route=\/wp\/v2\/pages\/2925\/revisions\/3481"}],"wp:attachment":[{"href":"https:\/\/ballbesitz.de\/index.php?rest_route=%2Fwp%2Fv2%2Fmedia&parent=2925"}],"curies":[{"name":"wp","href":"https:\/\/api.w.org\/{rel}","templated":true}]}}